{"id":1363,"date":"2024-01-28T17:56:39","date_gmt":"2024-01-28T17:56:39","guid":{"rendered":"https:\/\/mareksj16.sg-host.com\/?page_id=1363"},"modified":"2024-06-05T11:51:08","modified_gmt":"2024-06-05T09:51:08","slug":"self-storage-solutions","status":"publish","type":"page","link":"https:\/\/adrol.lv\/lv\/self-storage-risinajumi\/","title":{"rendered":"Self-storage risin\u0101jumi"},"content":{"rendered":"<div data-elementor-type=\"wp-page\" data-elementor-id=\"1363\" class=\"elementor elementor-1363\" data-elementor-post-type=\"page\">\n\t\t\t\t\t\t<section data-particle_enable=\"false\" data-particle-mobile-disabled=\"false\" class=\"elementor-section elementor-top-section elementor-element elementor-element-5d63707b elementor-section-full_width elementor-section-height-default elementor-section-height-default tf-sticky-section tf-sticky-no\" data-id=\"5d63707b\" data-element_type=\"section\" data-settings=\"{&quot;background_background&quot;:&quot;classic&quot;,&quot;tf_sticky&quot;:&quot;no&quot;}\">\n\t\t\t\t\t\t\t<div class=\"elementor-background-overlay\"><\/div>\n\t\t\t\t\t\t\t<div class=\"elementor-container elementor-column-gap-default\">\n\t\t\t\t\t<div class=\"elementor-column elementor-col-100 elementor-top-column elementor-element elementor-element-7bb1ddca\" data-id=\"7bb1ddca\" data-element_type=\"column\">\n\t\t\t<div class=\"elementor-widget-wrap elementor-element-populated\">\n\t\t\t\t\t\t<section data-particle_enable=\"false\" data-particle-mobile-disabled=\"false\" class=\"elementor-section elementor-inner-section elementor-element elementor-element-6cb734d3 elementor-section-boxed elementor-section-height-default elementor-section-height-default tf-sticky-section tf-sticky-no\" data-id=\"6cb734d3\" data-element_type=\"section\" data-settings=\"{&quot;tf_sticky&quot;:&quot;no&quot;}\">\n\t\t\t\t\t\t<div class=\"elementor-container elementor-column-gap-default\">\n\t\t\t\t\t<div class=\"elementor-column elementor-col-33 elementor-inner-column elementor-element elementor-element-298bf50a elementor-invisible\" data-id=\"298bf50a\" data-element_type=\"column\" data-settings=\"{&quot;background_background&quot;:&quot;classic&quot;,&quot;animation&quot;:&quot;fadeInUp&quot;}\">\n\t\t\t<div class=\"elementor-widget-wrap elementor-element-populated\">\n\t\t\t\t\t<div class=\"elementor-background-overlay\"><\/div>\n\t\t\t\t\t\t<div class=\"elementor-element elementor-element-7dce4855 elementor-widget elementor-widget-heading\" data-id=\"7dce4855\" data-element_type=\"widget\" data-widget_type=\"heading.default\">\n\t\t\t\t<div class=\"elementor-widget-container\">\n\t\t\t<style>\/*! elementor - v3.21.0 - 26-05-2024 *\/\n.elementor-heading-title{padding:0;margin:0;line-height:1}.elementor-widget-heading .elementor-heading-title[class*=elementor-size-]>a{color:inherit;font-size:inherit;line-height:inherit}.elementor-widget-heading .elementor-heading-title.elementor-size-small{font-size:15px}.elementor-widget-heading .elementor-heading-title.elementor-size-medium{font-size:19px}.elementor-widget-heading .elementor-heading-title.elementor-size-large{font-size:29px}.elementor-widget-heading .elementor-heading-title.elementor-size-xl{font-size:39px}.elementor-widget-heading .elementor-heading-title.elementor-size-xxl{font-size:59px}<\/style><h2 class=\"elementor-heading-title elementor-size-default\">Self Storage <\/h2>\t\t<\/div>\n\t\t\t\t<\/div>\n\t\t\t\t<div class=\"elementor-element elementor-element-7aaf9c19 elementor-widget elementor-widget-heading\" data-id=\"7aaf9c19\" data-element_type=\"widget\" data-widget_type=\"heading.default\">\n\t\t\t\t<div class=\"elementor-widget-container\">\n\t\t\t<p class=\"elementor-heading-title elementor-size-default\">\nAtbr\u012bvojiet papildu uzglab\u0101\u0161anas vietas potenci\u0101lu, izmantojot m\u016bsu daudzpus\u012bg\u0101s uzglab\u0101\u0161anas sist\u0113mas.<\/p>\t\t<\/div>\n\t\t\t\t<\/div>\n\t\t\t\t<div class=\"elementor-element elementor-element-19cff88 elementor-align-center elementor-widget elementor-widget-button\" data-id=\"19cff88\" data-element_type=\"widget\" data-widget_type=\"button.default\">\n\t\t\t\t<div class=\"elementor-widget-container\">\n\t\t\t\t\t<div class=\"elementor-button-wrapper\">\n\t\t\t<a class=\"elementor-button elementor-button-link elementor-size-xs\" href=\"https:\/\/adrol.lv\/lv\/self-storage-risinajumi\/self-storage-sistema\/\">\n\t\t\t\t\t\t<span class=\"elementor-button-content-wrapper\">\n\t\t\t\t\t\t<span class=\"elementor-button-icon elementor-align-icon-right\">\n\t\t\t\t<svg aria-hidden=\"true\" class=\"e-font-icon-svg e-fas-box\" viewbox=\"0 0 512 512\" xmlns=\"http:\/\/www.w3.org\/2000\/svg\"><path d=\"M509.5 184.6L458.9 32.8C452.4 13.2 434.1 0 413.4 0H272v192h238.7c-.4-2.5-.4-5-1.2-7.4zM240 0H98.6c-20.7 0-39 13.2-45.5 32.8L2.5 184.6c-.8 2.4-.8 4.9-1.2 7.4H240V0zM0 224v240c0 26.5 21.5 48 48 48h416c26.5 0 48-21.5 48-48V224H0z\"><\/path><\/svg>\t\t\t<\/span>\n\t\t\t\t\t\t\t\t\t<span class=\"elementor-button-text\">Uzzin\u0101t vair\u0101k<\/span>\n\t\t\t\t\t<\/span>\n\t\t\t\t\t<\/a>\n\t\t<\/div>\n\t\t\t\t<\/div>\n\t\t\t\t<\/div>\n\t\t\t\t\t<\/div>\n\t\t<\/div>\n\t\t\t\t<div class=\"elementor-column elementor-col-33 elementor-inner-column elementor-element elementor-element-120352a elementor-invisible\" data-id=\"120352a\" data-element_type=\"column\" data-settings=\"{&quot;background_background&quot;:&quot;classic&quot;,&quot;animation&quot;:&quot;fadeInUp&quot;}\">\n\t\t\t<div class=\"elementor-widget-wrap elementor-element-populated\">\n\t\t\t\t\t<div class=\"elementor-background-overlay\"><\/div>\n\t\t\t\t\t\t<div class=\"elementor-element elementor-element-eb7d477 elementor-widget elementor-widget-heading\" data-id=\"eb7d477\" data-element_type=\"widget\" data-widget_type=\"heading.default\">\n\t\t\t\t<div class=\"elementor-widget-container\">\n\t\t\t<h2 class=\"elementor-heading-title elementor-size-default\">Instal\u0101cijas<\/h2>\t\t<\/div>\n\t\t\t\t<\/div>\n\t\t\t\t<div class=\"elementor-element elementor-element-5f5dc74 elementor-widget elementor-widget-heading\" data-id=\"5f5dc74\" data-element_type=\"widget\" data-widget_type=\"heading.default\">\n\t\t\t\t<div class=\"elementor-widget-container\">\n\t\t\t<p class=\"elementor-heading-title elementor-size-default\">Efekt\u012bvas un profesion\u0101las uzst\u0101d\u012b\u0161anas, kas piel\u0101gotas j\u016bsu vajadz\u012bb\u0101m.\n\n\n\n\n\n<\/p>\t\t<\/div>\n\t\t\t\t<\/div>\n\t\t\t\t<div class=\"elementor-element elementor-element-7503acc elementor-align-center elementor-widget elementor-widget-button\" data-id=\"7503acc\" data-element_type=\"widget\" data-widget_type=\"button.default\">\n\t\t\t\t<div class=\"elementor-widget-container\">\n\t\t\t\t\t<div class=\"elementor-button-wrapper\">\n\t\t\t<a class=\"elementor-button elementor-button-link elementor-size-xs\" href=\"https:\/\/adrol.lv\/lv\/self-storage-risinajumi\/instalacijas\/\">\n\t\t\t\t\t\t<span class=\"elementor-button-content-wrapper\">\n\t\t\t\t\t\t<span class=\"elementor-button-icon elementor-align-icon-right\">\n\t\t\t\t<svg aria-hidden=\"true\" class=\"e-font-icon-svg e-fas-box\" viewbox=\"0 0 512 512\" xmlns=\"http:\/\/www.w3.org\/2000\/svg\"><path d=\"M509.5 184.6L458.9 32.8C452.4 13.2 434.1 0 413.4 0H272v192h238.7c-.4-2.5-.4-5-1.2-7.4zM240 0H98.6c-20.7 0-39 13.2-45.5 32.8L2.5 184.6c-.8 2.4-.8 4.9-1.2 7.4H240V0zM0 224v240c0 26.5 21.5 48 48 48h416c26.5 0 48-21.5 48-48V224H0z\"><\/path><\/svg>\t\t\t<\/span>\n\t\t\t\t\t\t\t\t\t<span class=\"elementor-button-text\">Uzzin\u0101t vair\u0101k<\/span>\n\t\t\t\t\t<\/span>\n\t\t\t\t\t<\/a>\n\t\t<\/div>\n\t\t\t\t<\/div>\n\t\t\t\t<\/div>\n\t\t\t\t\t<\/div>\n\t\t<\/div>\n\t\t\t\t<div class=\"elementor-column elementor-col-33 elementor-inner-column elementor-element elementor-element-99aeada elementor-invisible\" data-id=\"99aeada\" data-element_type=\"column\" data-settings=\"{&quot;background_background&quot;:&quot;classic&quot;,&quot;animation&quot;:&quot;fadeInUp&quot;}\">\n\t\t\t<div class=\"elementor-widget-wrap elementor-element-populated\">\n\t\t\t\t\t<div class=\"elementor-background-overlay\"><\/div>\n\t\t\t\t\t\t<div class=\"elementor-element elementor-element-6438cd4 elementor-widget elementor-widget-heading\" data-id=\"6438cd4\" data-element_type=\"widget\" data-widget_type=\"heading.default\">\n\t\t\t\t<div class=\"elementor-widget-container\">\n\t\t\t<h2 class=\"elementor-heading-title elementor-size-default\">Starpst\u0101vu gr\u012bdas<\/h2>\t\t<\/div>\n\t\t\t\t<\/div>\n\t\t\t\t<div class=\"elementor-element elementor-element-0aedcde elementor-widget elementor-widget-heading\" data-id=\"0aedcde\" data-element_type=\"widget\" data-widget_type=\"heading.default\">\n\t\t\t\t<div class=\"elementor-widget-container\">\n\t\t\t<p class=\"elementor-heading-title elementor-size-default\">Paaugstiniet savu telpu ar m\u016bsu prasm\u012bgi izstr\u0101d\u0101t\u0101m starpst\u0101vu gr\u012bd\u0101m.\n\n\n\n\n\n<\/p>\t\t<\/div>\n\t\t\t\t<\/div>\n\t\t\t\t<div class=\"elementor-element elementor-element-90885f7 elementor-align-center elementor-widget elementor-widget-button\" data-id=\"90885f7\" data-element_type=\"widget\" data-widget_type=\"button.default\">\n\t\t\t\t<div class=\"elementor-widget-container\">\n\t\t\t\t\t<div class=\"elementor-button-wrapper\">\n\t\t\t<a class=\"elementor-button elementor-button-link elementor-size-xs\" href=\"https:\/\/adrol.lv\/lv\/starpstavu-gridas\/\">\n\t\t\t\t\t\t<span class=\"elementor-button-content-wrapper\">\n\t\t\t\t\t\t<span class=\"elementor-button-icon elementor-align-icon-right\">\n\t\t\t\t<svg aria-hidden=\"true\" class=\"e-font-icon-svg e-fas-box\" viewbox=\"0 0 512 512\" xmlns=\"http:\/\/www.w3.org\/2000\/svg\"><path d=\"M509.5 184.6L458.9 32.8C452.4 13.2 434.1 0 413.4 0H272v192h238.7c-.4-2.5-.4-5-1.2-7.4zM240 0H98.6c-20.7 0-39 13.2-45.5 32.8L2.5 184.6c-.8 2.4-.8 4.9-1.2 7.4H240V0zM0 224v240c0 26.5 21.5 48 48 48h416c26.5 0 48-21.5 48-48V224H0z\"><\/path><\/svg>\t\t\t<\/span>\n\t\t\t\t\t\t\t\t\t<span class=\"elementor-button-text\">Uzzin\u0101t vair\u0101k<\/span>\n\t\t\t\t\t<\/span>\n\t\t\t\t\t<\/a>\n\t\t<\/div>\n\t\t\t\t<\/div>\n\t\t\t\t<\/div>\n\t\t\t\t\t<\/div>\n\t\t<\/div>\n\t\t\t\t\t<\/div>\n\t\t<\/section>\n\t\t\t\t<section data-particle_enable=\"false\" data-particle-mobile-disabled=\"false\" class=\"elementor-section elementor-inner-section elementor-element elementor-element-4557927 elementor-section-boxed elementor-section-height-default elementor-section-height-default tf-sticky-section tf-sticky-no\" data-id=\"4557927\" data-element_type=\"section\" data-settings=\"{&quot;tf_sticky&quot;:&quot;no&quot;}\">\n\t\t\t\t\t\t<div class=\"elementor-container elementor-column-gap-default\">\n\t\t\t\t\t<div class=\"elementor-column elementor-col-100 elementor-inner-column elementor-element elementor-element-209e507\" data-id=\"209e507\" data-element_type=\"column\">\n\t\t\t<div class=\"elementor-widget-wrap elementor-element-populated\">\n\t\t\t\t\t\t<div class=\"elementor-element elementor-element-a9a2599 elementor-invisible elementor-widget elementor-widget-heading\" data-id=\"a9a2599\" data-element_type=\"widget\" data-settings=\"{&quot;_animation&quot;:&quot;slideInUp&quot;}\" data-widget_type=\"heading.default\">\n\t\t\t\t<div class=\"elementor-widget-container\">\n\t\t\t<h3 class=\"elementor-heading-title elementor-size-default\">Self Storage un starpst\u0101vu gr\u012bdas <span style=\"color:#B11718\">Pieg\u0101de vis\u0101 pasaul\u0113 <span><\/h3>\t\t<\/div>\n\t\t\t\t<\/div>\n\t\t\t\t\t<\/div>\n\t\t<\/div>\n\t\t\t\t\t<\/div>\n\t\t<\/section>\n\t\t\t\t\t<\/div>\n\t\t<\/div>\n\t\t\t\t\t<\/div>\n\t\t<\/section>\n\t\t\t\t<section data-particle_enable=\"false\" data-particle-mobile-disabled=\"false\" class=\"elementor-section elementor-top-section elementor-element elementor-element-9dcc8f2 elementor-section-full_width elementor-section-height-default elementor-section-height-default tf-sticky-section tf-sticky-no\" data-id=\"9dcc8f2\" data-element_type=\"section\" data-settings=\"{&quot;tf_sticky&quot;:&quot;no&quot;}\">\n\t\t\t\t\t\t<div class=\"elementor-container elementor-column-gap-default\">\n\t\t\t\t\t<div class=\"elementor-column elementor-col-100 elementor-top-column elementor-element elementor-element-bc75b91\" data-id=\"bc75b91\" data-element_type=\"column\">\n\t\t\t<div class=\"elementor-widget-wrap elementor-element-populated\">\n\t\t\t\t\t\t<div class=\"elementor-element elementor-element-b2b59d2 elementor-widget elementor-widget-template\" data-id=\"b2b59d2\" data-element_type=\"widget\" data-widget_type=\"template.default\">\n\t\t\t\t<div class=\"elementor-widget-container\">\n\t\t\t\t\t<div class=\"elementor-template\">\n\t\t\t\t\t<div data-elementor-type=\"section\" data-elementor-id=\"2809\" class=\"elementor elementor-2809\" data-elementor-post-type=\"elementor_library\">\n\t\t\t\t\t<div class=\"elementor-section-wrap\">\n\t\t\t\t\t\t\t\t<section data-particle_enable=\"false\" data-particle-mobile-disabled=\"false\" class=\"elementor-section elementor-top-section elementor-element elementor-element-3b4db5bc elementor-reverse-mobile elementor-section-boxed elementor-section-height-default elementor-section-height-default tf-sticky-section tf-sticky-no\" data-id=\"3b4db5bc\" data-element_type=\"section\" data-settings=\"{&quot;background_background&quot;:&quot;classic&quot;,&quot;tf_sticky&quot;:&quot;no&quot;}\">\n\t\t\t\t\t\t\t<div class=\"elementor-background-overlay\"><\/div>\n\t\t\t\t\t\t\t<div class=\"elementor-container elementor-column-gap-default\">\n\t\t\t\t\t<div class=\"elementor-column elementor-col-50 elementor-top-column elementor-element elementor-element-22ac93e7\" data-id=\"22ac93e7\" data-element_type=\"column\">\n\t\t\t<div class=\"elementor-widget-wrap elementor-element-populated\">\n\t\t\t\t\t\t<div class=\"elementor-element elementor-element-383e8a0b elementor-widget elementor-widget-image\" data-id=\"383e8a0b\" data-element_type=\"widget\" data-widget_type=\"image.default\">\n\t\t\t\t<div class=\"elementor-widget-container\">\n\t\t\t<style>\/*! elementor - v3.21.0 - 26-05-2024 *\/\n.elementor-widget-image{text-align:center}.elementor-widget-image a{display:inline-block}.elementor-widget-image a img[src$=\".svg\"]{width:48px}.elementor-widget-image img{vertical-align:middle;display:inline-block}<\/style>\t\t\t\t\t\t\t\t\t\t<img fetchpriority=\"high\" decoding=\"async\" width=\"800\" height=\"861\" src=\"https:\/\/adrol.lv\/wp-content\/uploads\/2024\/05\/Adrol-guy-951x1024.png\" class=\"attachment-large size-large wp-image-2805\" alt=\"\" srcset=\"https:\/\/adrol.lv\/wp-content\/uploads\/2024\/05\/Adrol-guy-951x1024.png 951w, https:\/\/adrol.lv\/wp-content\/uploads\/2024\/05\/Adrol-guy-279x300.png 279w, https:\/\/adrol.lv\/wp-content\/uploads\/2024\/05\/Adrol-guy-768x827.png 768w, https:\/\/adrol.lv\/wp-content\/uploads\/2024\/05\/Adrol-guy.png 1192w\" sizes=\"(max-width: 800px) 100vw, 800px\" \/>\t\t\t\t\t\t\t\t\t\t\t\t\t<\/div>\n\t\t\t\t<\/div>\n\t\t\t\t\t<\/div>\n\t\t<\/div>\n\t\t\t\t<div class=\"elementor-column elementor-col-50 elementor-top-column elementor-element elementor-element-125a09a\" data-id=\"125a09a\" data-element_type=\"column\">\n\t\t\t<div class=\"elementor-widget-wrap elementor-element-populated\">\n\t\t\t\t\t\t<div class=\"elementor-element elementor-element-36da20fc elementor-invisible elementor-widget elementor-widget-heading\" data-id=\"36da20fc\" data-element_type=\"widget\" data-settings=\"{&quot;_animation&quot;:&quot;slideInUp&quot;}\" data-widget_type=\"heading.default\">\n\t\t\t\t<div class=\"elementor-widget-container\">\n\t\t\t<h3 class=\"elementor-heading-title elementor-size-default\">Sazinieties ar mums\n\n<\/h3>\t\t<\/div>\n\t\t\t\t<\/div>\n\t\t\t\t<div class=\"elementor-element elementor-element-38c7c157 elementor-invisible elementor-widget elementor-widget-heading\" data-id=\"38c7c157\" data-element_type=\"widget\" data-settings=\"{&quot;_animation&quot;:&quot;slideInUp&quot;}\" data-widget_type=\"heading.default\">\n\t\t\t\t<div class=\"elementor-widget-container\">\n\t\t\t<h3 class=\"elementor-heading-title elementor-size-default\">M\u0113s esam \u0161eit, lai atbild\u0113tu uz j\u016bsu jaut\u0101jumiem un pal\u012bdz\u0113tu jums. J\u016btieties br\u012bvi sazin\u0101ties jebkur\u0101 laik\u0101!<\/h3>\t\t<\/div>\n\t\t\t\t<\/div>\n\t\t\t\t<div class=\"elementor-element elementor-element-54c68261 elementor-align-left elementor-mobile-align-center elementor-widget elementor-widget-button\" data-id=\"54c68261\" data-element_type=\"widget\" data-widget_type=\"button.default\">\n\t\t\t\t<div class=\"elementor-widget-container\">\n\t\t\t\t\t<div class=\"elementor-button-wrapper\">\n\t\t\t<a class=\"elementor-button elementor-button-link elementor-size-sm\" href=\"https:\/\/adrol.lv\/lv\/kontaktpersona\/\">\n\t\t\t\t\t\t<span class=\"elementor-button-content-wrapper\">\n\t\t\t\t\t\t<span class=\"elementor-button-icon elementor-align-icon-right\">\n\t\t\t\t<svg aria-hidden=\"true\" class=\"e-font-icon-svg e-fas-box\" viewbox=\"0 0 512 512\" xmlns=\"http:\/\/www.w3.org\/2000\/svg\"><path d=\"M509.5 184.6L458.9 32.8C452.4 13.2 434.1 0 413.4 0H272v192h238.7c-.4-2.5-.4-5-1.2-7.4zM240 0H98.6c-20.7 0-39 13.2-45.5 32.8L2.5 184.6c-.8 2.4-.8 4.9-1.2 7.4H240V0zM0 224v240c0 26.5 21.5 48 48 48h416c26.5 0 48-21.5 48-48V224H0z\"><\/path><\/svg>\t\t\t<\/span>\n\t\t\t\t\t\t\t\t\t<span class=\"elementor-button-text\">Sazinies ar mums<\/span>\n\t\t\t\t\t<\/span>\n\t\t\t\t\t<\/a>\n\t\t<\/div>\n\t\t\t\t<\/div>\n\t\t\t\t<\/div>\n\t\t\t\t\t<\/div>\n\t\t<\/div>\n\t\t\t\t\t<\/div>\n\t\t<\/section>\n\t\t\t\t\t\t\t<\/div>\n\t\t\t\t<\/div>\n\t\t\t\t<\/div>\n\t\t\t\t<\/div>\n\t\t\t\t<\/div>\n\t\t\t\t\t<\/div>\n\t\t<\/div>\n\t\t\t\t\t<\/div>\n\t\t<\/section>\n\t\t\t\t<\/div>","protected":false},"excerpt":{"rendered":"<p>Pa\u0161uzglab\u0101\u0161ana Atbr\u012bvojieties no papildu uzglab\u0101\u0161anas vietas, izmantojot m\u016bsu daudzpus\u012bg\u0101s uzglab\u0101\u0161anas sist\u0113mas. Uzziniet vair\u0101k Instal\u0101cijas Efekt\u012bvas un profesion\u0101las instal\u0101cijas, kas piel\u0101gotas j\u016bsu vajadz\u012bb\u0101m. Uzziniet vair\u0101k Starpst\u0101vu gr\u012bdas Palieliniet savu telpu ar m\u016bsu prasm\u012bgi izstr\u0101d\u0101t\u0101m starpst\u0101vu gr\u012bd\u0101m. Uzziniet vair\u0101k Pa\u0161noliktavas un starpst\u0101vu gr\u012bdas Pieg\u0101de vis\u0101 pasaul\u0113<\/p>","protected":false},"author":1,"featured_media":0,"parent":0,"menu_order":0,"comment_status":"closed","ping_status":"closed","template":"","meta":{"footnotes":""},"class_list":["post-1363","page","type-page","status-publish","hentry"],"_links":{"self":[{"href":"https:\/\/adrol.lv\/lv\/wp-json\/wp\/v2\/pages\/1363","targetHints":{"allow":["GET"]}}],"collection":[{"href":"https:\/\/adrol.lv\/lv\/wp-json\/wp\/v2\/pages"}],"about":[{"href":"https:\/\/adrol.lv\/lv\/wp-json\/wp\/v2\/types\/page"}],"author":[{"embeddable":true,"href":"https:\/\/adrol.lv\/lv\/wp-json\/wp\/v2\/users\/1"}],"replies":[{"embeddable":true,"href":"https:\/\/adrol.lv\/lv\/wp-json\/wp\/v2\/comments?post=1363"}],"version-history":[{"count":1,"href":"https:\/\/adrol.lv\/lv\/wp-json\/wp\/v2\/pages\/1363\/revisions"}],"predecessor-version":[{"id":2965,"href":"https:\/\/adrol.lv\/lv\/wp-json\/wp\/v2\/pages\/1363\/revisions\/2965"}],"wp:attachment":[{"href":"https:\/\/adrol.lv\/lv\/wp-json\/wp\/v2\/media?parent=1363"}],"curies":[{"name":"wp","href":"https:\/\/api.w.org\/{rel}","templated":true}]}}