{"id":1236,"date":"2023-12-17T12:47:31","date_gmt":"2023-12-17T12:47:31","guid":{"rendered":"https:\/\/staging.liquid-themes.com\/logistics-fleet\/?page_id=1231"},"modified":"2023-12-17T12:47:31","modified_gmt":"2023-12-17T12:47:31","slug":"case-studies","status":"publish","type":"page","link":"https:\/\/adrol.lv\/lv\/gadijumu-izpete\/","title":{"rendered":"Gad\u012bjumu izp\u0113te"},"content":{"rendered":"<div data-elementor-type=\"wp-page\" data-elementor-id=\"1236\" class=\"elementor elementor-1236\" data-elementor-post-type=\"page\">\n\t\t\t\t\t\t<\/div>","protected":false},"excerpt":{"rendered":"<p>Biznesa konsult\u0101ciju kategorijas Analytics izaugsmes pl\u0101na kategorijas Analytics RD pakalpojumu pl\u0101nu kategorijas Analytics starta invest\u012bciju kategorijas Uz\u0146\u0113m\u0113jdarb\u012bbas izp\u0113te un att\u012bst\u012bba Kategorijas Analytics Glob\u0101l\u0101s datu anal\u012bzes kategorijas M\u0101rketings<\/p>","protected":false},"author":1,"featured_media":0,"parent":0,"menu_order":0,"comment_status":"closed","ping_status":"closed","template":"","meta":{"footnotes":""},"class_list":["post-1236","page","type-page","status-publish","hentry"],"_links":{"self":[{"href":"https:\/\/adrol.lv\/lv\/wp-json\/wp\/v2\/pages\/1236","targetHints":{"allow":["GET"]}}],"collection":[{"href":"https:\/\/adrol.lv\/lv\/wp-json\/wp\/v2\/pages"}],"about":[{"href":"https:\/\/adrol.lv\/lv\/wp-json\/wp\/v2\/types\/page"}],"author":[{"embeddable":true,"href":"https:\/\/adrol.lv\/lv\/wp-json\/wp\/v2\/users\/1"}],"replies":[{"embeddable":true,"href":"https:\/\/adrol.lv\/lv\/wp-json\/wp\/v2\/comments?post=1236"}],"version-history":[{"count":0,"href":"https:\/\/adrol.lv\/lv\/wp-json\/wp\/v2\/pages\/1236\/revisions"}],"wp:attachment":[{"href":"https:\/\/adrol.lv\/lv\/wp-json\/wp\/v2\/media?parent=1236"}],"curies":[{"name":"wp","href":"https:\/\/api.w.org\/{rel}","templated":true}]}}